{"id":944,"date":"2021-02-01T03:23:02","date_gmt":"2021-02-01T03:23:02","guid":{"rendered":"http:\/\/justine.com.mx\/?post_type=product&#038;p=944"},"modified":"2023-01-28T17:39:08","modified_gmt":"2023-01-28T17:39:08","slug":"mascarilla-carbon-activado","status":"publish","type":"product","link":"http:\/\/justine.com.mx\/en\/product\/mascarilla-carbon-activado\/","title":{"rendered":"Mascarilla carb\u00f3n activado"},"content":{"rendered":"<p class=\"p1\"><span class=\"s1\"><b>Uso.<\/b><\/span><\/p>\n<p class=\"p1\"><span class=\"s1\">Aplicar una generosa cantidad sobre la piel de la cara evitando el \u00e1rea de los p\u00e1rpados. Dejar que seque completamente y retirar con agua tibia y esponja o toalla.<\/span><\/p>\n<p class=\"p1\"><span class=\"s1\"><b>Ingredientes.<\/b><\/span><\/p>\n<p class=\"p1\"><span class=\"s1\">Agua destilada, Aceite de macadamia, Aceite de rosa mosqueta, Extracto de hamamelis, Kaolin, Carb\u00f3n activado de c\u00e1scara de coco, Alcohol et\u00edlico, Propilen glicol, antioxidante y fragancia.<\/span><\/p>\n<p class=\"p1\"><span class=\"s1\"><b>Recomendaciones.<\/b><\/span><\/p>\n<p class=\"p1\"><span class=\"s1\">Evite su uso en caso de alergia a los componentes naturales y otros ingredientes. Mantengase en lugar fresco y seco. Este producto no es un medicamento. No se deje al alcance de los ni\u00f1os. Emergencias y primeros Auxilios: OJOS: Enjuague con agua durante 15 mins. Consulte a su m\u00e9dico en caso necesario. EN CASO DE INGERIRSE: No provoque v\u00f3mito, beba abundante agua y consulte a su m\u00e9dico. Para uso externo solamente.<\/span><\/p>","protected":false},"excerpt":{"rendered":"<p class=\"p1\"><span class=\"s1\">El Carb\u00f3n activado nutre hidrata y purifica nuestra piel, es un absorbente de grasa, siendo ideal para la piel grasa y con acn\u00e9, ayuda a despigmentar la piel, equilibra el pH y facilita que los poros se cierren. La mascarilla de arcilla con carb\u00f3n activado, absorbe las toxinas, elimina impurezas, es calmante y desinflamante de la piel. Estimula el sistema circulatorio, reduciendo la retenci\u00f3n de l\u00edquidos y regenera los tejidos dando un tratamiento completo para pieles grasas.<\/span><\/p>","protected":false},"featured_media":337,"comment_status":"open","ping_status":"closed","template":"","meta":[],"product_brand":[],"product_cat":[30],"product_tag":[],"class_list":{"0":"post-944","1":"product","2":"type-product","3":"status-publish","4":"has-post-thumbnail","6":"product_cat-cuidado-facial","8":"first","9":"instock","10":"shipping-taxable","11":"purchasable","12":"product-type-variable"},"_links":{"self":[{"href":"http:\/\/justine.com.mx\/en\/wp-json\/wp\/v2\/product\/944","targetHints":{"allow":["GET"]}}],"collection":[{"href":"http:\/\/justine.com.mx\/en\/wp-json\/wp\/v2\/product"}],"about":[{"href":"http:\/\/justine.com.mx\/en\/wp-json\/wp\/v2\/types\/product"}],"replies":[{"embeddable":true,"href":"http:\/\/justine.com.mx\/en\/wp-json\/wp\/v2\/comments?post=944"}],"wp:featuredmedia":[{"embeddable":true,"href":"http:\/\/justine.com.mx\/en\/wp-json\/wp\/v2\/media\/337"}],"wp:attachment":[{"href":"http:\/\/justine.com.mx\/en\/wp-json\/wp\/v2\/media?parent=944"}],"wp:term":[{"taxonomy":"product_brand","embeddable":true,"href":"http:\/\/justine.com.mx\/en\/wp-json\/wp\/v2\/product_brand?post=944"},{"taxonomy":"product_cat","embeddable":true,"href":"http:\/\/justine.com.mx\/en\/wp-json\/wp\/v2\/product_cat?post=944"},{"taxonomy":"product_tag","embeddable":true,"href":"http:\/\/justine.com.mx\/en\/wp-json\/wp\/v2\/product_tag?post=944"}],"curies":[{"name":"wp","href":"https:\/\/api.w.org\/{rel}","templated":true}]}}