{"id":797,"date":"2021-01-30T04:46:40","date_gmt":"2021-01-30T04:46:40","guid":{"rendered":"http:\/\/justine.com.mx\/?post_type=product&#038;p=797"},"modified":"2023-01-28T17:38:45","modified_gmt":"2023-01-28T17:38:45","slug":"kits-de-cuidado-facial","status":"publish","type":"product","link":"http:\/\/justine.com.mx\/en\/product\/kits-de-cuidado-facial\/","title":{"rendered":"Facial care kits"},"content":{"rendered":"<p>Los 3 kits de cuidado facial + antiacn\u00e9 \u00f3 + antiedad incluyen todos los beneficios del Kit de cuidado facial m\u00e1s un tratamiento antiacn\u00e9 \u00f3 antiedad especializado que te ayudar\u00e1 a eliminar las impurezas que lo provocan o a obtener una ultra humectaci\u00f3n.<br \/>\nEstos kits se componen de 3 a 5 productos de la siguiente lista:<\/p>\n<p><strong>A. Higiene \u00cdntima y facial<\/strong><br \/>\nJab\u00f3n suave con ph 4.5 , limpia a profundidad y al mismo tiempo elimina bacterias y hongos naturalmente por su contenido de Tea tree.<\/p>\n<p><strong>B. T\u00f3nico cicatrizante nutritivo<\/strong><br \/>\nLoci\u00f3n hidratante anti-acne, cicatriza y disminuye el tono de las manchas.<\/p>\n<p><strong>C. Crema anti-edad<\/strong><br \/>\nCrema ligera ultra hidratante con col\u00e1geno que ofrece firmeza, tono y resistencia a la piel, y elastina que da flexibilidad para retrasar l\u00edneas de expresi\u00f3n y flacidez.<\/p>\n<p><strong>D. Exfoliante arena y nuez<\/strong><br \/>\nElimina c\u00e9lulas muertas e impurezas, activa la circulaci\u00f3n, suaviza y promueve el rejuvenecimiento<\/p>\n<p><strong>E. Anti-acne<\/strong><br \/>\nMascrilla de carb\u00f3n activado<br \/>\nAbsorbe las toxinas y elimina impurezas, nutre y purifica la piel, absorbe grasa, equilibra el ph, y cierra los poros.<\/p>\n<p><strong>F. Mascarilla de macadamia<\/strong><br \/>\nAltamente nutritiva e hidratante, absorbe toxinas y elimina impurezas, calma y desinflama la piel, estimula la circulaci\u00f3n y regenera la piel madura.<\/p>","protected":false},"excerpt":{"rendered":"<p style=\"text-align: justify;\">Prueba los beneficios de los kits que hemos preparado. Tu cara nunca se sentir\u00e1 tan limpia y fresca. Tonifica tu piel, elimina impurezas, dale un nuevo brillo.<br \/>\n<strong>\u00a1Elige el kit que mejor se adapte a tus necesidades!<\/strong><\/p>","protected":false},"featured_media":1019,"comment_status":"open","ping_status":"closed","template":"","meta":[],"product_brand":[],"product_cat":[30],"product_tag":[],"class_list":{"0":"post-797","1":"product","2":"type-product","3":"status-publish","4":"has-post-thumbnail","6":"product_cat-cuidado-facial","8":"first","9":"instock","10":"shipping-taxable","11":"purchasable","12":"product-type-variable"},"_links":{"self":[{"href":"http:\/\/justine.com.mx\/en\/wp-json\/wp\/v2\/product\/797","targetHints":{"allow":["GET"]}}],"collection":[{"href":"http:\/\/justine.com.mx\/en\/wp-json\/wp\/v2\/product"}],"about":[{"href":"http:\/\/justine.com.mx\/en\/wp-json\/wp\/v2\/types\/product"}],"replies":[{"embeddable":true,"href":"http:\/\/justine.com.mx\/en\/wp-json\/wp\/v2\/comments?post=797"}],"wp:featuredmedia":[{"embeddable":true,"href":"http:\/\/justine.com.mx\/en\/wp-json\/wp\/v2\/media\/1019"}],"wp:attachment":[{"href":"http:\/\/justine.com.mx\/en\/wp-json\/wp\/v2\/media?parent=797"}],"wp:term":[{"taxonomy":"product_brand","embeddable":true,"href":"http:\/\/justine.com.mx\/en\/wp-json\/wp\/v2\/product_brand?post=797"},{"taxonomy":"product_cat","embeddable":true,"href":"http:\/\/justine.com.mx\/en\/wp-json\/wp\/v2\/product_cat?post=797"},{"taxonomy":"product_tag","embeddable":true,"href":"http:\/\/justine.com.mx\/en\/wp-json\/wp\/v2\/product_tag?post=797"}],"curies":[{"name":"wp","href":"https:\/\/api.w.org\/{rel}","templated":true}]}}