{"id":702,"date":"2021-01-26T01:43:09","date_gmt":"2021-01-26T01:43:09","guid":{"rendered":"http:\/\/justine.com.mx\/?post_type=product&#038;p=702"},"modified":"2022-12-18T17:57:58","modified_gmt":"2022-12-18T17:57:58","slug":"mantequilla-de-karite","status":"publish","type":"product","link":"http:\/\/justine.com.mx\/en\/product\/mantequilla-de-karite\/","title":{"rendered":"Mantequilla de Karite"},"content":{"rendered":"<p>La mantequilla de Karit\u00e9 act\u00faa recubriendo la piel con una pel\u00edcula invisible que evita la deshidrataci\u00f3n y la protege de las agresiones externas, como el sol, el viento o los cambios bruscos de temperatura.\u00a0 Regenera la piel, calma las pieles irritadas, es un anti-envejecimiento natural altamente efectivo.<\/p>\n<p>Mezcla de mantequilla de Karit\u00e9, manteca de cacao, aceite de coco, aceite esencial y antioxidante.<\/p>","protected":false},"excerpt":{"rendered":"<p>La mantequilla de Karit\u00e9 act\u00faa recubriendo la piel con una pel\u00edcula invisible que evita la deshidrataci\u00f3n y la protege de las agresiones externas, como el sol, el viento o los cambios bruscos de temperatura.\u00a0 Regenera la piel, calma las pieles irritadas, es un anti-envejecimiento natural altamente efectivo. Mezcla de mantequilla de Karit\u00e9, manteca de cacao, [&hellip;]<\/p>\n","protected":false},"featured_media":0,"comment_status":"open","ping_status":"closed","template":"","meta":[],"product_brand":[],"product_cat":[26],"product_tag":[],"class_list":{"0":"post-702","1":"product","2":"type-product","3":"status-publish","5":"product_cat-sin-categorizar","7":"first","8":"instock","9":"shipping-taxable","10":"purchasable","11":"product-type-simple"},"_links":{"self":[{"href":"http:\/\/justine.com.mx\/en\/wp-json\/wp\/v2\/product\/702","targetHints":{"allow":["GET"]}}],"collection":[{"href":"http:\/\/justine.com.mx\/en\/wp-json\/wp\/v2\/product"}],"about":[{"href":"http:\/\/justine.com.mx\/en\/wp-json\/wp\/v2\/types\/product"}],"replies":[{"embeddable":true,"href":"http:\/\/justine.com.mx\/en\/wp-json\/wp\/v2\/comments?post=702"}],"wp:attachment":[{"href":"http:\/\/justine.com.mx\/en\/wp-json\/wp\/v2\/media?parent=702"}],"wp:term":[{"taxonomy":"product_brand","embeddable":true,"href":"http:\/\/justine.com.mx\/en\/wp-json\/wp\/v2\/product_brand?post=702"},{"taxonomy":"product_cat","embeddable":true,"href":"http:\/\/justine.com.mx\/en\/wp-json\/wp\/v2\/product_cat?post=702"},{"taxonomy":"product_tag","embeddable":true,"href":"http:\/\/justine.com.mx\/en\/wp-json\/wp\/v2\/product_tag?post=702"}],"curies":[{"name":"wp","href":"https:\/\/api.w.org\/{rel}","templated":true}]}}