{"id":375,"date":"2019-10-25T18:14:37","date_gmt":"2019-10-25T18:14:37","guid":{"rendered":"http:\/\/justine.com.mx\/?post_type=product&#038;p=375"},"modified":"2025-03-29T09:41:08","modified_gmt":"2025-03-29T09:41:08","slug":"repelente-de-insectos-citronela","status":"publish","type":"product","link":"http:\/\/justine.com.mx\/en\/product\/repelente-de-insectos-citronela\/","title":{"rendered":"Repelente de insectos Citronela &#038; Lavanda para piel delicada"},"content":{"rendered":"<p><strong>Uso<br \/>\n<\/strong>Rociar sobre la piel y reaplicar cuantas veces sea necesario.<\/p>\n<p><strong>Ingredientes<br \/>\n<\/strong>Agua destilada, alcohol de ca\u00f1a, aceites esenciales de lavanda, manzanilla y citronela, antiirritante a partir del \u00e1cido hialur\u00f3nico y conservador sin parabenos.<\/p>\n<p><strong>Recomendaciones<br \/>\n<\/strong>Evite su uso en caso de alergia a los componentes naturales y otros ingredientes. Mantengase en lugar fresco y seco. Este producto no es un medicamento. No se deje al alcance de los ni\u00f1os. Emergencias y primeros Auxilios: OJOS: Enjuague con agua durante 15 mins. Consulte a su m\u00e9dico en caso necesario. EN CASO DE INGERIRSE: No provoque v\u00f3mito, beba abundante agua y consulte a su m\u00e9dico. Para uso externo solamente.<\/p>","protected":false},"excerpt":{"rendered":"<p class=\"p1\"><strong>Lavanda, manzanilla y citronela<br \/>\n<\/strong>Mezcla de aceites esenciales que repelen naturalmente insectos, al inhibir o enmascarar el olor del di\u00f3xido de carbono que emitimos por nuestra piel, adem\u00e1s contiene un antiirritante con altas propiedades hidratantes, regenerativo y suavizante de la piel.<\/p>\n<p class=\"p1\"><strong>\u00a0<\/strong><\/p>\n<p>&nbsp;<\/p>","protected":false},"featured_media":376,"comment_status":"open","ping_status":"closed","template":"","meta":[],"product_brand":[],"product_cat":[24,21],"product_tag":[],"class_list":{"0":"post-375","1":"product","2":"type-product","3":"status-publish","4":"has-post-thumbnail","6":"product_cat-cuidado-corporal","7":"product_cat-spa","9":"first","10":"instock","11":"shipping-taxable","12":"purchasable","13":"product-type-simple"},"_links":{"self":[{"href":"http:\/\/justine.com.mx\/en\/wp-json\/wp\/v2\/product\/375","targetHints":{"allow":["GET"]}}],"collection":[{"href":"http:\/\/justine.com.mx\/en\/wp-json\/wp\/v2\/product"}],"about":[{"href":"http:\/\/justine.com.mx\/en\/wp-json\/wp\/v2\/types\/product"}],"replies":[{"embeddable":true,"href":"http:\/\/justine.com.mx\/en\/wp-json\/wp\/v2\/comments?post=375"}],"wp:featuredmedia":[{"embeddable":true,"href":"http:\/\/justine.com.mx\/en\/wp-json\/wp\/v2\/media\/376"}],"wp:attachment":[{"href":"http:\/\/justine.com.mx\/en\/wp-json\/wp\/v2\/media?parent=375"}],"wp:term":[{"taxonomy":"product_brand","embeddable":true,"href":"http:\/\/justine.com.mx\/en\/wp-json\/wp\/v2\/product_brand?post=375"},{"taxonomy":"product_cat","embeddable":true,"href":"http:\/\/justine.com.mx\/en\/wp-json\/wp\/v2\/product_cat?post=375"},{"taxonomy":"product_tag","embeddable":true,"href":"http:\/\/justine.com.mx\/en\/wp-json\/wp\/v2\/product_tag?post=375"}],"curies":[{"name":"wp","href":"https:\/\/api.w.org\/{rel}","templated":true}]}}