{"id":373,"date":"2019-10-25T18:14:12","date_gmt":"2019-10-25T18:14:12","guid":{"rendered":"http:\/\/justine.com.mx\/?post_type=product&#038;p=373"},"modified":"2023-01-28T17:39:51","modified_gmt":"2023-01-28T17:39:51","slug":"repelente-de-insectos","status":"publish","type":"product","link":"http:\/\/justine.com.mx\/en\/product\/repelente-de-insectos\/","title":{"rendered":"Repelente de insectos Clavo &#038; Tomillo"},"content":{"rendered":"<p><strong>Uso<\/strong><br \/>\nRociar sobre la piel no irritada y reaplicar cuantas veces sea necesario, sobre los manteles en la mesa repele las moscas.<\/p>\n<p><strong>Ingredientes<\/strong><br \/>\nAgua destilada, alcohol de ca\u00f1a desodorizado, aceite esencial de clavo, aceite esencial de tomillo, aceite de ricino.<\/p>\n<p><strong>Recomendaciones<\/strong><br \/>\nEvite su uso en caso de alergia a los componentes naturales y otros ingredientes. Mantengase en lugar fresco y seco. Este producto no es un medicamento. No se deje al alcance de los ni\u00f1os. Emergencias y primeros Auxilios: OJOS: Enjuague con agua durante 15 mins. Consulte a su m\u00e9dico en caso necesario. EN CASO DE INGERIRSE: No provoque v\u00f3mito, beba abundante agua y consulte a su m\u00e9dico. Para uso externo solamente.<\/p>","protected":false},"excerpt":{"rendered":"<p><strong>Clavo &amp; tomillo<\/strong><br \/>\nMezcla de aceites esenciales que repelen naturalmente insectos, al inhibir o enmascarar el olor del di\u00f3xido de carbono que emitimos por nuestra piel.<\/p>","protected":false},"featured_media":374,"comment_status":"open","ping_status":"closed","template":"","meta":[],"product_brand":[],"product_cat":[24,21],"product_tag":[],"class_list":{"0":"post-373","1":"product","2":"type-product","3":"status-publish","4":"has-post-thumbnail","6":"product_cat-cuidado-corporal","7":"product_cat-spa","9":"first","10":"instock","11":"shipping-taxable","12":"purchasable","13":"product-type-simple"},"_links":{"self":[{"href":"http:\/\/justine.com.mx\/en\/wp-json\/wp\/v2\/product\/373","targetHints":{"allow":["GET"]}}],"collection":[{"href":"http:\/\/justine.com.mx\/en\/wp-json\/wp\/v2\/product"}],"about":[{"href":"http:\/\/justine.com.mx\/en\/wp-json\/wp\/v2\/types\/product"}],"replies":[{"embeddable":true,"href":"http:\/\/justine.com.mx\/en\/wp-json\/wp\/v2\/comments?post=373"}],"wp:featuredmedia":[{"embeddable":true,"href":"http:\/\/justine.com.mx\/en\/wp-json\/wp\/v2\/media\/374"}],"wp:attachment":[{"href":"http:\/\/justine.com.mx\/en\/wp-json\/wp\/v2\/media?parent=373"}],"wp:term":[{"taxonomy":"product_brand","embeddable":true,"href":"http:\/\/justine.com.mx\/en\/wp-json\/wp\/v2\/product_brand?post=373"},{"taxonomy":"product_cat","embeddable":true,"href":"http:\/\/justine.com.mx\/en\/wp-json\/wp\/v2\/product_cat?post=373"},{"taxonomy":"product_tag","embeddable":true,"href":"http:\/\/justine.com.mx\/en\/wp-json\/wp\/v2\/product_tag?post=373"}],"curies":[{"name":"wp","href":"https:\/\/api.w.org\/{rel}","templated":true}]}}