{"id":371,"date":"2019-10-25T18:11:27","date_gmt":"2019-10-25T18:11:27","guid":{"rendered":"http:\/\/justine.com.mx\/?post_type=product&#038;p=371"},"modified":"2023-01-28T17:40:13","modified_gmt":"2023-01-28T17:40:13","slug":"tonico-nutritivo-cicatrizante","status":"publish","type":"product","link":"http:\/\/justine.com.mx\/en\/product\/tonico-nutritivo-cicatrizante\/","title":{"rendered":"T\u00f3nico nutritivo cicatrizante"},"content":{"rendered":"<p><strong>Uso<br \/>\n<\/strong>Roc\u00edese sobre el rostro y cuello despu\u00e9s de la limpieza y antes de iniciar la rutina de humectaci\u00f3n.<\/p>\n<p><strong>Ingredientes<br \/>\n<\/strong>Agua de Rosas, Acido Hialur\u00f3nico, extracto de hamamelis y s\u00e1bila, Vitamina E, Polisorbato 20, Aceite de Rosa Mosqueta, Alanto\u00edna, Fragancia y conservador libre de parabenos e isotiazolinonas (DMD Hidanto\u00edna, fenoxietanol e hidrociacetofenona).<\/p>\n<p><strong>Recomendaciones<\/strong><br \/>\nEvite su uso en caso de alergia a los componentes naturales y mezclas. Conservese en lugar fresco y seco. Este producto no es un medicamento. No se deje al alcance de los ni\u00f1os. Emergencias y primeros auxilios: Ojos: Enjuague con agua durante 15 mins. Consulte a su medico en caso necesario. EN CASO DE INGERIRSE: Provoque v\u00f3mito, beba abundante agua y consulte a su m\u00e9dico. Para uso externo solamente.<\/p>\n<p><strong>\u00a0<\/strong><\/p>\n<p><strong>\u00a0<\/strong><\/p>","protected":false},"excerpt":{"rendered":"<p class=\"p1\" style=\"text-align: justify;\"><strong>Acido Hialur\u00f3nico y Rosa Mosqueta<br \/>\n<\/strong>El agua de rosas es rica en antioxidantes naturales, los cuales tienden a rejuvenecer la piel. Contiene Vitamina C, un nutriente esencial que ayuda a sintetizar el col\u00e1geno. Mientras que ayuda a suvizar las manchas de la piel y estrias.<br \/>\nEl \u00e1cido Hialur\u00f3nico es el responsable de la hidrataci\u00f3n de nuestro organismo, ya que posee la propiedad de absorber el agua, dando un efecto de relleno. Junto con la vitamina E, aportan acci\u00f3n hidratante de la piel y capacidad de prevenir eritemas solares reduciendo el proceso inamatorio y el incremento de la permeabilidad vascular, asi como la formaci\u00f3n de manchas cut\u00e1neas.<br \/>\nEl aceite de Rosa Mosqueta ayuda a prevenir y atenuar el envejecimiento prematuro de la piel, disminuir las lineas de expresion tales como en el contorno de ojos y cuello, prevenir y atenuar estrias, mejorar la coloracion y textura de cicatrices, queloides y quemaduras.<\/p>","protected":false},"featured_media":438,"comment_status":"open","ping_status":"closed","template":"","meta":[],"product_brand":[],"product_cat":[30],"product_tag":[],"class_list":{"0":"post-371","1":"product","2":"type-product","3":"status-publish","4":"has-post-thumbnail","6":"product_cat-cuidado-facial","8":"first","9":"instock","10":"shipping-taxable","11":"purchasable","12":"product-type-simple"},"_links":{"self":[{"href":"http:\/\/justine.com.mx\/en\/wp-json\/wp\/v2\/product\/371","targetHints":{"allow":["GET"]}}],"collection":[{"href":"http:\/\/justine.com.mx\/en\/wp-json\/wp\/v2\/product"}],"about":[{"href":"http:\/\/justine.com.mx\/en\/wp-json\/wp\/v2\/types\/product"}],"replies":[{"embeddable":true,"href":"http:\/\/justine.com.mx\/en\/wp-json\/wp\/v2\/comments?post=371"}],"wp:featuredmedia":[{"embeddable":true,"href":"http:\/\/justine.com.mx\/en\/wp-json\/wp\/v2\/media\/438"}],"wp:attachment":[{"href":"http:\/\/justine.com.mx\/en\/wp-json\/wp\/v2\/media?parent=371"}],"wp:term":[{"taxonomy":"product_brand","embeddable":true,"href":"http:\/\/justine.com.mx\/en\/wp-json\/wp\/v2\/product_brand?post=371"},{"taxonomy":"product_cat","embeddable":true,"href":"http:\/\/justine.com.mx\/en\/wp-json\/wp\/v2\/product_cat?post=371"},{"taxonomy":"product_tag","embeddable":true,"href":"http:\/\/justine.com.mx\/en\/wp-json\/wp\/v2\/product_tag?post=371"}],"curies":[{"name":"wp","href":"https:\/\/api.w.org\/{rel}","templated":true}]}}