{"id":367,"date":"2019-10-25T18:07:36","date_gmt":"2019-10-25T18:07:36","guid":{"rendered":"http:\/\/justine.com.mx\/?post_type=product&#038;p=367"},"modified":"2023-06-18T04:31:42","modified_gmt":"2023-06-18T04:31:42","slug":"gel-reductivo","status":"publish","type":"product","link":"http:\/\/justine.com.mx\/en\/product\/gel-reductivo\/","title":{"rendered":"Gel Reductivo"},"content":{"rendered":"<p><strong>Uso<\/strong><br \/>\nAplicar una generosa cantidad en \u00e1reas flacidas y con celul\u00edtis, antes del ejercicio.<\/p>\n<p class=\"p1\"><strong>Ingredientes<br \/>\n<\/strong>Agua destilada, extractos acuosos de Hiedra, Algas marinas, Manzanilla, Toronja, Cola de caballo, Cafe\u00edna, Fragancia, Vitamina e, carb\u00f3mero trietanolamina y conservador sin parabenos.<\/p>\n<p class=\"p1\"><strong>Recomendaciones<br \/>\n<\/strong>Evite su uso en caso de alergia a los componentes naturales y otros ingredientes. Mantengase en lugar fresco y seco. Este producto no es un medicamento. No se deje al alcance de los ni\u00f1os. Emergencias y primeros Auxilios: OJOS: Enjuague con agua durante 15 mins. Consulte a su m\u00e9dico en caso necesario. EN CASO DE INGERIRSE: No provoque v\u00f3mito, beba abundante agua y consulte a su m\u00e9dico. Para uso externo solamente.<\/p>","protected":false},"excerpt":{"rendered":"<p class=\"p1\">Contiene un complejo acuoso de origen vegetal con propiedades reductivas, desinflamantes, drenantes naturales de grasa agua de las celulas de la piel. Pulatinamente restaura la piel de las zonas a tratar.<\/p>","protected":false},"featured_media":368,"comment_status":"open","ping_status":"closed","template":"","meta":[],"product_brand":[],"product_cat":[24],"product_tag":[],"class_list":{"0":"post-367","1":"product","2":"type-product","3":"status-publish","4":"has-post-thumbnail","6":"product_cat-cuidado-corporal","8":"first","9":"instock","10":"shipping-taxable","11":"purchasable","12":"product-type-variable"},"_links":{"self":[{"href":"http:\/\/justine.com.mx\/en\/wp-json\/wp\/v2\/product\/367","targetHints":{"allow":["GET"]}}],"collection":[{"href":"http:\/\/justine.com.mx\/en\/wp-json\/wp\/v2\/product"}],"about":[{"href":"http:\/\/justine.com.mx\/en\/wp-json\/wp\/v2\/types\/product"}],"replies":[{"embeddable":true,"href":"http:\/\/justine.com.mx\/en\/wp-json\/wp\/v2\/comments?post=367"}],"wp:featuredmedia":[{"embeddable":true,"href":"http:\/\/justine.com.mx\/en\/wp-json\/wp\/v2\/media\/368"}],"wp:attachment":[{"href":"http:\/\/justine.com.mx\/en\/wp-json\/wp\/v2\/media?parent=367"}],"wp:term":[{"taxonomy":"product_brand","embeddable":true,"href":"http:\/\/justine.com.mx\/en\/wp-json\/wp\/v2\/product_brand?post=367"},{"taxonomy":"product_cat","embeddable":true,"href":"http:\/\/justine.com.mx\/en\/wp-json\/wp\/v2\/product_cat?post=367"},{"taxonomy":"product_tag","embeddable":true,"href":"http:\/\/justine.com.mx\/en\/wp-json\/wp\/v2\/product_tag?post=367"}],"curies":[{"name":"wp","href":"https:\/\/api.w.org\/{rel}","templated":true}]}}