{"id":363,"date":"2019-10-25T18:04:13","date_gmt":"2019-10-25T18:04:13","guid":{"rendered":"http:\/\/justine.com.mx\/?post_type=product&#038;p=363"},"modified":"2023-06-12T14:27:56","modified_gmt":"2023-06-12T14:27:56","slug":"crema-corporal-reafirmante-y-anticelulitis","status":"publish","type":"product","link":"http:\/\/justine.com.mx\/en\/product\/crema-corporal-reafirmante-y-anticelulitis\/","title":{"rendered":"Reafirmante corporal &#038; anticelulitis"},"content":{"rendered":"<p class=\"p1\"><strong>Uso<\/strong><br \/>\nAplicar una generosa cantidad en \u00e1reas flacidas y con celul\u00edtis, despues del ba\u00f1o.<\/p>\n<p><strong>Ingredientes<\/strong><br \/>\nMezcla homog\u00e9neade agua, aceite de germen de trigo, aceite de semilla de jojoba, \u00e1cido este\u00e1rico, extracto de centella asi\u00e1tica, extracto de manzanilla, extracto de romero, cafe\u00edna, extracto de algas marinas, extracto de sauco, extracto de cola de caballo, extracto de toronja, antioxidante y fragancia.<\/p>\n<p class=\"p1\"><strong>Recomendaciones<br \/>\n<\/strong>Evite su uso en caso de alergia a los componentes naturales y otros ingredientes. Mantengase en lugar fresco y seco. Este producto no es un medicamento. No se deje al alcance de los ni\u00f1os. Emergencias y primeros Auxilios: OJOS: Enjuague con agua durante 15 mins. Consulte a su m\u00e9dico en caso necesario. EN CASO DE INGERIRSE: No provoque v\u00f3mito, beba abundante agua y consulte a su m\u00e9dico. Para uso externo solamente.<\/p>","protected":false},"excerpt":{"rendered":"<p class=\"p1\">Textura cremosa y suave, con propiedades desinflamatorias, activa la circulaci\u00f3n, reafirmante, elimina l\u00edquidos retenidos en las c\u00e9lulas de grasa.<\/p>","protected":false},"featured_media":366,"comment_status":"open","ping_status":"closed","template":"","meta":[],"product_brand":[],"product_cat":[24],"product_tag":[],"class_list":{"0":"post-363","1":"product","2":"type-product","3":"status-publish","4":"has-post-thumbnail","6":"product_cat-cuidado-corporal","8":"first","9":"instock","10":"shipping-taxable","11":"purchasable","12":"product-type-variable"},"_links":{"self":[{"href":"http:\/\/justine.com.mx\/en\/wp-json\/wp\/v2\/product\/363","targetHints":{"allow":["GET"]}}],"collection":[{"href":"http:\/\/justine.com.mx\/en\/wp-json\/wp\/v2\/product"}],"about":[{"href":"http:\/\/justine.com.mx\/en\/wp-json\/wp\/v2\/types\/product"}],"replies":[{"embeddable":true,"href":"http:\/\/justine.com.mx\/en\/wp-json\/wp\/v2\/comments?post=363"}],"wp:featuredmedia":[{"embeddable":true,"href":"http:\/\/justine.com.mx\/en\/wp-json\/wp\/v2\/media\/366"}],"wp:attachment":[{"href":"http:\/\/justine.com.mx\/en\/wp-json\/wp\/v2\/media?parent=363"}],"wp:term":[{"taxonomy":"product_brand","embeddable":true,"href":"http:\/\/justine.com.mx\/en\/wp-json\/wp\/v2\/product_brand?post=363"},{"taxonomy":"product_cat","embeddable":true,"href":"http:\/\/justine.com.mx\/en\/wp-json\/wp\/v2\/product_cat?post=363"},{"taxonomy":"product_tag","embeddable":true,"href":"http:\/\/justine.com.mx\/en\/wp-json\/wp\/v2\/product_tag?post=363"}],"curies":[{"name":"wp","href":"https:\/\/api.w.org\/{rel}","templated":true}]}}