{"id":357,"date":"2019-10-25T17:53:41","date_gmt":"2019-10-25T17:53:41","guid":{"rendered":"http:\/\/justine.com.mx\/?post_type=product&#038;p=357"},"modified":"2023-10-13T16:21:45","modified_gmt":"2023-10-13T16:21:45","slug":"mascarilla-macadamia","status":"publish","type":"product","link":"http:\/\/justine.com.mx\/en\/product\/mascarilla-macadamia\/","title":{"rendered":"Mascarilla Macadamia"},"content":{"rendered":"<p class=\"p1\"><strong>Uso<br \/>\n<\/strong>Aplicar una generosa cantidad en la cara evitando el \u00e1rea de p\u00e1rpados. Dejar que seque completamente y retirar con agua tibia y esponja o toalla.<\/p>\n<p class=\"p1\"><strong>Ingredientes<br \/>\n<\/strong>Agua destilada, aceite de macadamia, aceite de rosa mosqueta, aceite de aguacate, caolin, alcohol etilico, propilen glicol, antioxidante y fragancia.<\/p>\n<p class=\"p1\"><strong>Recomendaciones<br \/>\n<\/strong>Evite su uso en caso de alergia a los componentes naturales y otros ingredientes. Mantengase en lugar fresco y seco. Este producto no es un medicamento. No se deje al alcance de los ni\u00f1os. Emergencias y primeros Auxilios: OJOS: Enjuague con agua durante 15 mins. Consulte a su m\u00e9dico en caso necesario. EN CASO DE INGERIRSE: No provoque v\u00f3mito, beba abundante agua y consulte a su m\u00e9dico. Para uso externo solamente.<\/p>","protected":false},"excerpt":{"rendered":"<p class=\"p1\">La mascarilla de arcilla con su mezcla de aceites, absorbe las toxinas, elimina impurezas, es calmante y desinflamante de la piel. Estimula el sistema circulatorio reduciendo la retenci\u00f3n de l\u00edquidos y regenera los tejidos dando un tratamiento completo para pieles maduras. Es altamente hidratante y nutritiva.<\/p>","protected":false},"featured_media":361,"comment_status":"open","ping_status":"closed","template":"","meta":[],"product_brand":[],"product_cat":[30,21],"product_tag":[],"class_list":{"0":"post-357","1":"product","2":"type-product","3":"status-publish","4":"has-post-thumbnail","6":"product_cat-cuidado-facial","7":"product_cat-spa","9":"first","10":"instock","11":"shipping-taxable","12":"purchasable","13":"product-type-variable","14":"has-default-attributes"},"_links":{"self":[{"href":"http:\/\/justine.com.mx\/en\/wp-json\/wp\/v2\/product\/357","targetHints":{"allow":["GET"]}}],"collection":[{"href":"http:\/\/justine.com.mx\/en\/wp-json\/wp\/v2\/product"}],"about":[{"href":"http:\/\/justine.com.mx\/en\/wp-json\/wp\/v2\/types\/product"}],"replies":[{"embeddable":true,"href":"http:\/\/justine.com.mx\/en\/wp-json\/wp\/v2\/comments?post=357"}],"wp:featuredmedia":[{"embeddable":true,"href":"http:\/\/justine.com.mx\/en\/wp-json\/wp\/v2\/media\/361"}],"wp:attachment":[{"href":"http:\/\/justine.com.mx\/en\/wp-json\/wp\/v2\/media?parent=357"}],"wp:term":[{"taxonomy":"product_brand","embeddable":true,"href":"http:\/\/justine.com.mx\/en\/wp-json\/wp\/v2\/product_brand?post=357"},{"taxonomy":"product_cat","embeddable":true,"href":"http:\/\/justine.com.mx\/en\/wp-json\/wp\/v2\/product_cat?post=357"},{"taxonomy":"product_tag","embeddable":true,"href":"http:\/\/justine.com.mx\/en\/wp-json\/wp\/v2\/product_tag?post=357"}],"curies":[{"name":"wp","href":"https:\/\/api.w.org\/{rel}","templated":true}]}}