{"id":355,"date":"2019-10-25T17:45:04","date_gmt":"2019-10-25T17:45:04","guid":{"rendered":"http:\/\/justine.com.mx\/?post_type=product&#038;p=355"},"modified":"2023-01-28T17:38:07","modified_gmt":"2023-01-28T17:38:07","slug":"crema-humectante-corporal-fps-25","status":"publish","type":"product","link":"http:\/\/justine.com.mx\/en\/product\/crema-humectante-corporal-fps-25\/","title":{"rendered":"Crema humectante corporal FPS 25"},"content":{"rendered":"<p class=\"p1\"><strong>Uso<\/strong><br \/>\nCrema corporal humectante para la piel de todo el cuerpo, especialmente dise\u00f1ada para piel seca y madura.<\/p>\n<p class=\"p1\"><strong>Ingredientes<br \/>\n<\/strong>Agua, bloqueador solar FPS 25, \u00e1cido este\u00e1rico, aceite de ajonjol\u00ed, aceite de germen de trigo, aceite de semilla de jojoba, extracto de hoja de aloe, pantenol, prote\u00edna de trigo, phytic acid, sorbitol, vitamina e, extractos de ortiga, equisetum arvense, fruta de pepino, centella asi\u00e1tica, chlorela vulgaris, alg\u00edn hidrolizado, antioxidante y aceite esencial.<\/p>\n<p class=\"p1\"><strong>Recomendaciones<br \/>\n<\/strong>Evite su uso en caso de alergia a los componentes naturales y otros ingredientes. Mantengase en lugar fresco y seco. Este producto no es un medicamento. No se deje al alcance de los ni\u00f1os. Emergencias y primeros Auxilios: OJOS: Enjuague con agua durante 15 mins. Consulte a su medico en caso necesario. EN CASO DE INGERIRSE: No provoque vomito, beba abundante agua y consulte a su medico. Para uso externo solamente.<\/p>","protected":false},"excerpt":{"rendered":"<p><strong>Tea Tree &amp; Bergamota<br \/>\n<\/strong>Contiene un coctel de nutrientes dirigidos a balancear e incrementar la humectaci\u00f3n de la piel. Los ingredientes utilizados en esta crema est\u00e1n formados por activos no animales aprobados a nivel mundial que combinados, nutren y estimulan a las c\u00e9lulas con sus propiedades antinflamatorias.<\/p>\n<p>250 ml.<\/p>\n<p><strong>\u00a0<\/strong><\/p>","protected":false},"featured_media":356,"comment_status":"open","ping_status":"closed","template":"","meta":[],"product_brand":[],"product_cat":[24],"product_tag":[],"class_list":{"0":"post-355","1":"product","2":"type-product","3":"status-publish","4":"has-post-thumbnail","6":"product_cat-cuidado-corporal","8":"first","9":"instock","10":"shipping-taxable","11":"purchasable","12":"product-type-simple"},"_links":{"self":[{"href":"http:\/\/justine.com.mx\/en\/wp-json\/wp\/v2\/product\/355","targetHints":{"allow":["GET"]}}],"collection":[{"href":"http:\/\/justine.com.mx\/en\/wp-json\/wp\/v2\/product"}],"about":[{"href":"http:\/\/justine.com.mx\/en\/wp-json\/wp\/v2\/types\/product"}],"replies":[{"embeddable":true,"href":"http:\/\/justine.com.mx\/en\/wp-json\/wp\/v2\/comments?post=355"}],"wp:featuredmedia":[{"embeddable":true,"href":"http:\/\/justine.com.mx\/en\/wp-json\/wp\/v2\/media\/356"}],"wp:attachment":[{"href":"http:\/\/justine.com.mx\/en\/wp-json\/wp\/v2\/media?parent=355"}],"wp:term":[{"taxonomy":"product_brand","embeddable":true,"href":"http:\/\/justine.com.mx\/en\/wp-json\/wp\/v2\/product_brand?post=355"},{"taxonomy":"product_cat","embeddable":true,"href":"http:\/\/justine.com.mx\/en\/wp-json\/wp\/v2\/product_cat?post=355"},{"taxonomy":"product_tag","embeddable":true,"href":"http:\/\/justine.com.mx\/en\/wp-json\/wp\/v2\/product_tag?post=355"}],"curies":[{"name":"wp","href":"https:\/\/api.w.org\/{rel}","templated":true}]}}