{"id":353,"date":"2019-10-25T17:42:22","date_gmt":"2019-10-25T17:42:22","guid":{"rendered":"http:\/\/justine.com.mx\/?post_type=product&#038;p=353"},"modified":"2023-01-28T17:38:23","modified_gmt":"2023-01-28T17:38:23","slug":"higiene-intima-facial","status":"publish","type":"product","link":"http:\/\/justine.com.mx\/en\/product\/higiene-intima-facial\/","title":{"rendered":"Higiene \u00edntima &#038; facial"},"content":{"rendered":"<p class=\"p1\"><strong>Uso<\/strong><br \/>\nGel de ba\u00f1o para el cuidado \u00edntimo y facial diario.<\/p>\n<p class=\"p1\"><strong>Ingredientes<br \/>\n<\/strong>Agua, Lauril gluc\u00f3sido, aceite esencial de tea tree, extracto de manzanilla, \u00e1cido l\u00e1ctico, conservador libre de parabenos e izotiazolinonas.<\/p>\n<p class=\"p1\"><strong>Recomendaciones<\/strong><br \/>\nEvite su uso en caso de alergia a los componentes naturales y otros ingredientes. Mantengase en lugar fresco y seco. Este producto no es un medicamento. No se deje al alcance de los ni\u00f1os. Emergencias y primeros Auxilios: OJOS: Enjuague con agua durante 15 mins. Consulte a su m\u00e9dico en caso necesario. EN CASO DE INGERIRSE: No provoque v\u00f3mito, beba abundante agua y consulte a su m\u00e9dico. Para uso externo solamente.<\/p>","protected":false},"excerpt":{"rendered":"<p class=\"p1\" style=\"text-align: justify;\"><strong>Tea tree &amp; Manzanilla<\/strong><br \/>\nDe origen natural y bio-degradable, es 100% de origen vegetal, principalmente de la glucosa de almid\u00f3n de ma\u00edz No contiene sulfatos ni parabenos, produce espuma cremosa, es suave y anti-irritante para la higiene \u00edntima y limpieza facial. El Tea tree (Arbo de t\u00e9) es un bactericida y fungicida natural. Tiene un efecto inmunoestimulante que proporciona equilibrio natural en la flora y acidez vaginal, que evita la aparici\u00f3n de infecciones bacterianas, por lo que es \u00fatil en el tratamiento del acn\u00e9.<\/p>\n<p>125 ml.<\/p>","protected":false},"featured_media":1025,"comment_status":"open","ping_status":"closed","template":"","meta":[],"product_brand":[],"product_cat":[24,30],"product_tag":[],"class_list":{"0":"post-353","1":"product","2":"type-product","3":"status-publish","4":"has-post-thumbnail","6":"product_cat-cuidado-corporal","7":"product_cat-cuidado-facial","9":"first","10":"instock","11":"shipping-taxable","12":"purchasable","13":"product-type-simple"},"_links":{"self":[{"href":"http:\/\/justine.com.mx\/en\/wp-json\/wp\/v2\/product\/353","targetHints":{"allow":["GET"]}}],"collection":[{"href":"http:\/\/justine.com.mx\/en\/wp-json\/wp\/v2\/product"}],"about":[{"href":"http:\/\/justine.com.mx\/en\/wp-json\/wp\/v2\/types\/product"}],"replies":[{"embeddable":true,"href":"http:\/\/justine.com.mx\/en\/wp-json\/wp\/v2\/comments?post=353"}],"wp:featuredmedia":[{"embeddable":true,"href":"http:\/\/justine.com.mx\/en\/wp-json\/wp\/v2\/media\/1025"}],"wp:attachment":[{"href":"http:\/\/justine.com.mx\/en\/wp-json\/wp\/v2\/media?parent=353"}],"wp:term":[{"taxonomy":"product_brand","embeddable":true,"href":"http:\/\/justine.com.mx\/en\/wp-json\/wp\/v2\/product_brand?post=353"},{"taxonomy":"product_cat","embeddable":true,"href":"http:\/\/justine.com.mx\/en\/wp-json\/wp\/v2\/product_cat?post=353"},{"taxonomy":"product_tag","embeddable":true,"href":"http:\/\/justine.com.mx\/en\/wp-json\/wp\/v2\/product_tag?post=353"}],"curies":[{"name":"wp","href":"https:\/\/api.w.org\/{rel}","templated":true}]}}