{"id":344,"date":"2019-10-25T17:19:28","date_gmt":"2019-10-25T17:19:28","guid":{"rendered":"http:\/\/justine.com.mx\/?post_type=product&#038;p=344"},"modified":"2023-10-16T19:59:58","modified_gmt":"2023-10-16T19:59:58","slug":"gel-exfoliante-corporal-y-facial","status":"publish","type":"product","link":"http:\/\/justine.com.mx\/en\/product\/gel-exfoliante-corporal-y-facial\/","title":{"rendered":"Gel exfoliante corporal &#038; facial"},"content":{"rendered":"<p class=\"p1\"><strong>Uso<\/strong>.<br \/>\nAl eliminar las c\u00e9lulas muertas de nuestra piel estamos limpiando profundamente, esta limpieza debe realizarse con suavidad, lo cual proporciona m\u00faltiples beneficios.<\/p>\n<p class=\"p1\"><strong>Ingredientes<\/strong>.<br \/>\nAgua, Lanolina, Trietanolamina, Carbomero, Extracto de hoja de aloe, Pantenol, Prote\u00edna de trigo, Phytic acid, Sorbitol, Vitamina e, Extracto de anthemis nobilis, Extracto de ortiga, Extracto de equisetum arvense, Extracto de fruta de pepino, Centella asi\u00e1tica, Chlorella vulgaris, Alg\u00edn hidrolizado, Arena sint\u00e9tica, C\u00e1scara de nuez molida, Aceite de germen de trigo, Aceite de jojoba, aceites esenciales y antioxidante.<\/p>\n<p class=\"p1\"><strong>Recomendaciones<\/strong>.<br \/>\nEvite su uso en caso de alergia a los componentes naturales y otros ingredientes. Mantengase en lugar fresco y seco. Este producto no es un medicamento. No se deje al alcance de los ni\u00f1os. Emergencias y primeros Auxilios: OJOS: Enjuague con agua durante 15 mins. Consulte a su medico en caso necesario. EN CASO DE INGERIRSE: No provoque vomito, beba abundante agua y consulte a su medico. Para uso externo solamente.<\/p>","protected":false},"excerpt":{"rendered":"<p class=\"p1\"><strong> Arena y C\u00e1scara de nuez<\/strong><br \/>\nCon el uso de este exfoliante, se previene el envejecimiento cut\u00e1neo activando la circulaci\u00f3n, desintoxica naturalmente la epidermis estimulando los diferentes procesos de eliminaci\u00f3n de las c\u00e9lulas muertas y otras impurezas. Permite una mejor oxigenacion de las c\u00e9lulas y roporciona inmediatamente una piel suave y transparente, la cual esta lista para recibir los nutrientes que le proporcionamos con una buena crema humectante o una mantequilla nutritiva.<\/p>","protected":false},"featured_media":345,"comment_status":"open","ping_status":"closed","template":"","meta":[],"product_brand":[],"product_cat":[24,30],"product_tag":[],"class_list":{"0":"post-344","1":"product","2":"type-product","3":"status-publish","4":"has-post-thumbnail","6":"product_cat-cuidado-corporal","7":"product_cat-cuidado-facial","9":"first","10":"instock","11":"shipping-taxable","12":"purchasable","13":"product-type-variable","14":"has-default-attributes"},"_links":{"self":[{"href":"http:\/\/justine.com.mx\/en\/wp-json\/wp\/v2\/product\/344","targetHints":{"allow":["GET"]}}],"collection":[{"href":"http:\/\/justine.com.mx\/en\/wp-json\/wp\/v2\/product"}],"about":[{"href":"http:\/\/justine.com.mx\/en\/wp-json\/wp\/v2\/types\/product"}],"replies":[{"embeddable":true,"href":"http:\/\/justine.com.mx\/en\/wp-json\/wp\/v2\/comments?post=344"}],"wp:featuredmedia":[{"embeddable":true,"href":"http:\/\/justine.com.mx\/en\/wp-json\/wp\/v2\/media\/345"}],"wp:attachment":[{"href":"http:\/\/justine.com.mx\/en\/wp-json\/wp\/v2\/media?parent=344"}],"wp:term":[{"taxonomy":"product_brand","embeddable":true,"href":"http:\/\/justine.com.mx\/en\/wp-json\/wp\/v2\/product_brand?post=344"},{"taxonomy":"product_cat","embeddable":true,"href":"http:\/\/justine.com.mx\/en\/wp-json\/wp\/v2\/product_cat?post=344"},{"taxonomy":"product_tag","embeddable":true,"href":"http:\/\/justine.com.mx\/en\/wp-json\/wp\/v2\/product_tag?post=344"}],"curies":[{"name":"wp","href":"https:\/\/api.w.org\/{rel}","templated":true}]}}