{"id":24,"date":"2017-10-29T03:29:46","date_gmt":"2017-10-29T03:29:46","guid":{"rendered":"http:\/\/justine.com.mx\/?post_type=product&#038;p=24"},"modified":"2023-11-05T07:53:34","modified_gmt":"2023-11-05T07:53:34","slug":"artesanal-jabon","status":"publish","type":"product","link":"http:\/\/justine.com.mx\/en\/product\/artesanal-jabon\/","title":{"rendered":"Jabones"},"content":{"rendered":"<p class=\"p1\"><strong>Uso<\/strong><br \/>\nEs un jab\u00f3n de barra de uso corporal para el ba\u00f1o diario.<\/p>\n<p><strong>Caracter\u00edsticas y beneficios<\/strong><br \/>\nElaborado a base de aceites vegetales, extractos de hierbas y aceites esenciales. Mantiene los aceites naturales de la piel, la reparan, proporciona propiedades antioxidantes y la mantienen sana. Hidrata y limpia a profundidad, suaviza y proporciona elasticidad a la piel.<\/p>\n<p><strong>Ingredientes<\/strong><br \/>\nAceites vegetales de coco, oliva, soya, manteca de cacao y mantequilla de karit\u00e9, hidr\u00f3xido de sodio, agua, alcohol de ca\u00f1a, moliendas de plantas, fragancias, esencias y aceites esenciales.<\/p>\n<p><strong>Recomendaciones<\/strong><br \/>\nEvite su uso en caso de alergia a los componentes naturales y otros ingredientes. Este producto no es un medicamento.<\/p>\n<p><strong>Almacenamiento<\/strong><br \/>\nMant\u00e9ngase en lugar fresco y seco.<\/p>\n<p>&nbsp;<\/p>","protected":false},"excerpt":{"rendered":"<p class=\"p1\"><strong>Jab\u00f3n artesanal de 100 gr.<\/strong><br \/>\nEnvuelto individualmente en papel encerado y cubierta de papel bond impreso en diferentes dise\u00f1os mexicanos. Fabricads en 10 diferentes aromas ( Romero, Avena con miel, Menta, Carb\u00f3n activado, Naranja, Canela con naranja, Coco, Chocolate, Lavanda y Vainilla).<\/p>","protected":false},"featured_media":480,"comment_status":"open","ping_status":"closed","template":"","meta":[],"product_brand":[],"product_cat":[24,20],"product_tag":[],"class_list":{"0":"post-24","1":"product","2":"type-product","3":"status-publish","4":"has-post-thumbnail","6":"product_cat-cuidado-corporal","7":"product_cat-jabones-artesanales","9":"first","10":"instock","11":"shipping-taxable","12":"purchasable","13":"product-type-variable"},"_links":{"self":[{"href":"http:\/\/justine.com.mx\/en\/wp-json\/wp\/v2\/product\/24","targetHints":{"allow":["GET"]}}],"collection":[{"href":"http:\/\/justine.com.mx\/en\/wp-json\/wp\/v2\/product"}],"about":[{"href":"http:\/\/justine.com.mx\/en\/wp-json\/wp\/v2\/types\/product"}],"replies":[{"embeddable":true,"href":"http:\/\/justine.com.mx\/en\/wp-json\/wp\/v2\/comments?post=24"}],"wp:featuredmedia":[{"embeddable":true,"href":"http:\/\/justine.com.mx\/en\/wp-json\/wp\/v2\/media\/480"}],"wp:attachment":[{"href":"http:\/\/justine.com.mx\/en\/wp-json\/wp\/v2\/media?parent=24"}],"wp:term":[{"taxonomy":"product_brand","embeddable":true,"href":"http:\/\/justine.com.mx\/en\/wp-json\/wp\/v2\/product_brand?post=24"},{"taxonomy":"product_cat","embeddable":true,"href":"http:\/\/justine.com.mx\/en\/wp-json\/wp\/v2\/product_cat?post=24"},{"taxonomy":"product_tag","embeddable":true,"href":"http:\/\/justine.com.mx\/en\/wp-json\/wp\/v2\/product_tag?post=24"}],"curies":[{"name":"wp","href":"https:\/\/api.w.org\/{rel}","templated":true}]}}